{"id":19,"date":"2023-07-04T03:35:46","date_gmt":"2023-07-04T03:35:46","guid":{"rendered":"https:\/\/wphix.com\/wp\/youlink\/?page_id=19"},"modified":"2024-04-22T16:52:28","modified_gmt":"2024-04-22T13:52:28","slug":"hakkimizda","status":"publish","type":"page","link":"https:\/\/etikmuhendislik.com\/index.php\/hakkimizda\/","title":{"rendered":"Hakk\u0131m\u0131zda"},"content":{"rendered":"\t\t<div data-elementor-type=\"wp-page\" data-elementor-id=\"19\" class=\"elementor elementor-19\">\n\t\t\t\t\t\t<section class=\"elementor-section elementor-top-section elementor-element elementor-element-1f9ebad elementor-section-full_width elementor-section-height-default elementor-section-height-default\" data-id=\"1f9ebad\" data-element_type=\"section\">\n\t\t\t\t\t\t<div class=\"elementor-container elementor-column-gap-no\">\n\t\t\t\t\t<div class=\"elementor-column elementor-col-100 elementor-top-column elementor-element elementor-element-ab04d24\" data-id=\"ab04d24\" data-element_type=\"column\">\n\t\t\t<div class=\"elementor-widget-wrap elementor-element-populated\">\n\t\t\t\t\t\t<div class=\"elementor-element elementor-element-2751eb2 elementor-widget elementor-widget-about\" data-id=\"2751eb2\" data-element_type=\"widget\" data-widget_type=\"about.default\">\n\t\t\t\t<div class=\"elementor-widget-container\">\n\t\t\t\t\t\n\n<div class=\"tp-about__area p-relative pt-120 pb-130\">\n        <div class=\"tp-about__left-big-1\">\n        <img decoding=\"async\" src=\"https:\/\/etikmuhendislik.com\/wp-content\/uploads\/2023\/07\/ab-left-big-shape-1.png\" alt=\"\">\n    <\/div>\n            <div class=\"tp-about__right-top-shape\">\n        <img decoding=\"async\" src=\"https:\/\/etikmuhendislik.com\/wp-content\/uploads\/2023\/07\/ab-right-top-shape.png\" alt=\"\">\n    <\/div>\n            <div class=\"tp-about__right-bottom-shape\">\n        <img decoding=\"async\" src=\"https:\/\/etikmuhendislik.com\/wp-content\/uploads\/2023\/07\/ab-right-bottom-shape.png\" alt=\"\">\n    <\/div>\n        <div class=\"container\">\n        <div class=\"row\">\n            <div class=\"col-xl-6 col-lg-6 wow tpfadeLeft\" data-wow-duration=\".9s\" data-wow-delay=\".3s\">\n                <div class=\"tp-about__img-wrapper text-center text-lg-end p-relative\">\n                                        <div class=\"tp-about__shape-1 d-none d-md-block\">\n                        <img decoding=\"async\" src=\"https:\/\/etikmuhendislik.com\/wp-content\/uploads\/2023\/07\/ab-shape-1.png\" alt=\"\">\n                    <\/div>\n                                                            <div class=\"tp-about__shape-2 d-none d-md-block\">\n                        <img decoding=\"async\" src=\"https:\/\/etikmuhendislik.com\/wp-content\/uploads\/2023\/07\/ab-shape-2.png\" alt=\"\">\n                    <\/div>\n                                                                                <div class=\"tp-about__shape-4 d-none d-md-block\">\n                        <img decoding=\"async\" src=\"https:\/\/etikmuhendislik.com\/wp-content\/uploads\/2023\/07\/ab-shape-3-1-1.png\" alt=\"\">\n                    <\/div>\n                                                            <div class=\"tp-about__img-1 d-none d-md-block\">\n                        <img decoding=\"async\" src=\"https:\/\/etikmuhendislik.com\/wp-content\/uploads\/2024\/04\/DISANA.png\" alt=\"\">\n                    <\/div>\n                                                            <div class=\"tp-about__img-2  z-index\">\n                        <img decoding=\"async\" src=\"https:\/\/etikmuhendislik.com\/wp-content\/uploads\/2024\/04\/ANASAYFA1.png\" alt=\"\">\n                    <\/div>\n                                    <\/div>\n            <\/div>\n            <div class=\"col-xl-6 col-lg-6 wow tpfadeRight\" data-wow-duration=\".9s\" data-wow-delay=\".5s\">\n                <div class=\"tp-about__right-wrapper\">\n\n                                        <div class=\"tp-about__title-box\">\n                                                    <div class=\"tp-section-subtitle-box\">\n                                <span class=\"tp-section-subtitle section-subtitle-border\">B\u0130Z K\u0130M\u0130Z?<\/span>\n                            <\/div>\n                                                <h2 class=\"tp-section-title\">Al\u0131\u015fagelmi\u015f<span> al\u0131\u015fkanl\u0131klar\u0131n  <\/span> d\u0131\u015f\u0131nda bir hizmet...<\/h2>                    <\/div>\n                    <div class=\"tp-about__text\">\n                                                <p class=\"tp-el-content\">Anlay\u0131\u015f\u0131yla 20 y\u0131ld\u0131r hizmet veren bir dan\u0131\u015fmanl\u0131k, e\u011fitim &amp; m\u00fchendislik \u015firketiyiz. ET\u0130K M\u00fchendislik, E\u011fitim &amp; Dan\u0131\u015fmanl\u0131k; 2007 y\u0131l\u0131 ba\u015f\u0131nda End\u00fcstri M\u00fchendisi ve \u0130\u015fletmeci \u015eeyda OTLUO\u011eLU taraf\u0131ndan D\u00fczce' de Valimiz Sn. Halil N\u0130METO\u011eLU ve \u00e7ok say\u0131da se\u00e7kin davetlinin kat\u0131ld\u0131\u011f\u0131 bir a\u00e7\u0131l\u0131\u015f ile kurulmu\u015ftur. \"Teorik ve pratik bilgi birikiminin payla\u015f\u0131m\u0131\" n\u0131 ana ilke kabul eden ET\u0130K M\u00fchendislik, E\u011fitim &amp; Dan\u0131\u015fmanl\u0131k; al\u0131\u015f\u0131lagelen kal\u0131plar yerine m\u00fc\u015fterilerine katma de\u011fer yaratacak \u00f6zel \u00e7\u00f6z\u00fcmler \u00fcreterek faaliyet g\u00f6stermektedir. M\u00fc\u015fterilerimiz olan \u00f6zel sekt\u00f6rde ve kamu kurumlar\u0131nda beliren ihtiya\u00e7lar\u0131 kar\u015f\u0131layacak uzmanl\u0131k seviyesinde hizmet sunulmaktad\u0131r.<\/p>\n                                            <\/div>\n                    \n                    <div class=\"tp-about__feature-box d-flex align-items-center\">\n\n                                                <div class=\"tp-about__feature mr-40\">\n\n                                                                                            <span class=\"tp-about__feature-icon \">\n                                <img decoding=\"async\" src=\"https:\/\/wphix.com\/wp\/youlink\/wp-content\/uploads\/2023\/07\/ab-6.png\"\n                                    alt=\"\">\n                                <\/span>\n                                                            \n                                                        <span class=\"tp-about__feature-text\">Vizyonumuz<\/span>\n                             \n                            \n                        <\/div>\n                                                <div class=\"tp-about__feature \">\n\n                                                                                            <span class=\"tp-about__feature-icon yellow-bg-color\">\n                                <img decoding=\"async\" src=\"https:\/\/wphix.com\/wp\/youlink\/wp-content\/uploads\/2023\/07\/ab-6.png\"\n                                    alt=\"\">\n                                <\/span>\n                                                            \n                                                        <span class=\"tp-about__feature-text\">Misyonumuz<\/span>\n                             \n                            \n                        <\/div>\n                        \n                    <\/div>\n\n                    <div class=\"tp-about__feature-list-wrap d-flex align-items-center\">\n                        <div class=\"tp-about__feature-list\">\n                            <ul>\n                                                                <li><span class=\"\"><i class=\"fa-regular fa-check\"><\/i><\/span>ET\u0130K M\u00fchendislik, E\u011fitim &amp; Dan\u0131\u015fmanl\u0131k; kurulu\u015flar, \u00e7al\u0131\u015fanlar, hizmet ve \u00fcr\u00fcnlere y\u00f6nelik olacak yenilik\u00e7i, pratik ve kaliteli \u00e7\u00f6z\u00fcmler geli\u015ftirerek m\u00fc\u015fterilerimizin performanslar\u0131nda olumlu etkiler sa\u011flamay\u0131 misyon kabul etmi\u015ftir.<\/li>\n                                                                <li><span class=\"yellow-bg-color\"><i class=\"fa-regular fa-check\"><\/i><\/span>ET\u0130K M\u00fchendislik, E\u011fitim &amp; Dan\u0131\u015fmanl\u0131k; b\u00f6lgemizde kalite y\u00f6netim sistemleri ve organizasyonel y\u00f6netim sistemleri konular\u0131nda s\u00fcrekli de\u011fi\u015fim ve geli\u015fime a\u00e7\u0131k, kamu ve \u00f6zel kurum ve kurulu\u015flar\u0131n performanslar\u0131n\u0131 geli\u015ftirerek farkl\u0131l\u0131klar yaratarak kal\u0131c\u0131 \u00fcst\u00fcnl\u00fckler sunan ilk ve tek firma olmay\u0131 vizyon edinmi\u015ftir.<\/li>\n                                                            <\/ul>\n                        <\/div>\n\n                        \n                    <\/div>\n                    <div class=\"tp-about__author-info d-flex align-items-center\">\n                                                                                            <\/div>\n                <\/div>\n            <\/div>\n        <\/div>\n    <\/div>\n<\/div>\n\n\t\t\t\t<\/div>\n\t\t\t\t<\/div>\n\t\t\t\t\t<\/div>\n\t\t<\/div>\n\t\t\t\t\t<\/div>\n\t\t<\/section>\n\t\t\t\t<section class=\"elementor-section elementor-top-section elementor-element elementor-element-d2c2879 elementor-section-full_width elementor-section-height-default elementor-section-height-default\" data-id=\"d2c2879\" data-element_type=\"section\">\n\t\t\t\t\t\t<div class=\"elementor-container elementor-column-gap-no\">\n\t\t\t\t\t<div class=\"elementor-column elementor-col-100 elementor-top-column elementor-element elementor-element-64db2d3\" data-id=\"64db2d3\" data-element_type=\"column\">\n\t\t\t<div class=\"elementor-widget-wrap elementor-element-populated\">\n\t\t\t\t\t\t<div class=\"elementor-element elementor-element-4aa3d5f elementor-widget elementor-widget-services\" data-id=\"4aa3d5f\" data-element_type=\"widget\" data-widget_type=\"services.default\">\n\t\t\t\t<div class=\"elementor-widget-container\">\n\t\t\t\t\t\n\n<div class=\"tp-service__area tp-service__bg pt-130 grey-bg pb-100 z-index tp-el-section\">\n\n        <div class=\"container\">\n        <div class=\"tp-service__section-wrapper\">\n            <div class=\"row align-items-center\">\n                <div class=\"col-xl-7 col-lg-7\">\n                    <div class=\"tp-service__title-box\">\n                                                <div class=\"tp-section-subtitle-box\">\n                            <span class=\"tp-section-subtitle section-subtitle-border\">De\u011ferlerimiz &amp;<\/span>\n                        <\/div>\n                        \n                        <h2 class=\"tp-section-title p-relative\"> Prensiplerimiz <span class=\"tp-service__title-shape d-none d-md-block\">\n                              <svg width=\"163\" height=\"5\" viewBox=\"0 0 163 5\" fill=\"none\" xmlns=\"http:\/\/www.w3.org\/2000\/svg\">\n                                 <path d=\"M162.595 4.22307C108.986 2.55338 55.6855 2.288 2.11526 4.99709C0.242355 5.09661 0.268005 2.60867 2.11526 2.48703C55.3392 -0.962917 109.487 -1.06243 162.595 3.70336C162.98 3.73653 162.993 4.23412 162.595 4.22307Z\" fill=\"#FFB302\"><\/path>\n                              <\/svg>\n                           <\/span><\/h2>\n                    <\/div>\n                <\/div>\n                <div class=\"col-xl-5 col-lg-5\">\n                                        <div class=\"tp-service__right-box\">\n                        <p>Farkl\u0131 Sekt\u00f6rlerin Bir Numaral\u0131 Tercihi Olmaya Devam Ediyoruz.<\/p>\n                    <\/div>\n                                    <\/div>\n            <\/div>\n        <\/div>\n        <div class=\"row \">\n\n                                    <div class=\"col-xl col-lg mb-30 wow fadeInUp\" data-wow-duration=\"0.9s\" data-wow-delay=\"0.3s\">\n                            <div class=\"tp-service__item p-relative\">\n                    <div class=\"tp-service__box-shape\">\n                        <span><\/span>\n                    <\/div>\n\n                    <div class=\"tp-service__icon p-relative\">\n\n                                                                                <img decoding=\"async\" src=\"https:\/\/etikmuhendislik.com\/wp-content\/uploads\/2023\/07\/avata-3-4.png\"\n                                alt=\"\">\n                                                    \n                        \n                        <span><\/span>\n                    <\/div>\n\n                                        <div class=\"tp-service__content\">\n                        <h4 class=\"tp-service__title-sm\">\n                                                        Gizlilik                                                    <\/h4>\n                    <\/div>\n                    \n                    \n                <\/div>\n            <\/div>\n                                    <div class=\"col-xl col-lg mb-30 wow fadeInUp\" data-wow-duration=\"0.9s\" data-wow-delay=\"0.5s\">\n                            <div class=\"tp-service__item p-relative\">\n                    <div class=\"tp-service__box-shape\">\n                        <span><\/span>\n                    <\/div>\n\n                    <div class=\"tp-service__icon p-relative\">\n\n                                                                                <img decoding=\"async\" src=\"https:\/\/etikmuhendislik.com\/wp-content\/uploads\/2023\/07\/avata-3-4.png\"\n                                alt=\"\">\n                                                    \n                        \n                        <span><\/span>\n                    <\/div>\n\n                                        <div class=\"tp-service__content\">\n                        <h4 class=\"tp-service__title-sm\">\n                                                        D\u00fcr\u00fcstl\u00fck                                                    <\/h4>\n                    <\/div>\n                    \n                    \n                <\/div>\n            <\/div>\n                                    <div class=\"col-xl col-lg mb-30 wow fadeInUp\" data-wow-duration=\"0.9s\" data-wow-delay=\"0.7s\">\n                            <div class=\"tp-service__item p-relative\">\n                    <div class=\"tp-service__box-shape\">\n                        <span><\/span>\n                    <\/div>\n\n                    <div class=\"tp-service__icon p-relative\">\n\n                                                                                <img decoding=\"async\" src=\"https:\/\/etikmuhendislik.com\/wp-content\/uploads\/2023\/07\/avata-3-4.png\"\n                                alt=\"\">\n                                                    \n                        \n                        <span><\/span>\n                    <\/div>\n\n                                        <div class=\"tp-service__content\">\n                        <h4 class=\"tp-service__title-sm\">\n                                                        G\u00fcvenilirlik                                                    <\/h4>\n                    <\/div>\n                    \n                    \n                <\/div>\n            <\/div>\n                                    <div class=\"col-xl col-lg mb-30 wow fadeInUp\" data-wow-duration=\"0.9s\" data-wow-delay=\"1s\">\n                            <div class=\"tp-service__item p-relative\">\n                    <div class=\"tp-service__box-shape\">\n                        <span><\/span>\n                    <\/div>\n\n                    <div class=\"tp-service__icon p-relative\">\n\n                                                                                <img decoding=\"async\" src=\"https:\/\/etikmuhendislik.com\/wp-content\/uploads\/2023\/07\/avata-3-4.png\"\n                                alt=\"\">\n                                                    \n                        \n                        <span><\/span>\n                    <\/div>\n\n                                        <div class=\"tp-service__content\">\n                        <h4 class=\"tp-service__title-sm\">\n                                                        Tarafs\u0131zl\u0131k                                                    <\/h4>\n                    <\/div>\n                    \n                    \n                <\/div>\n            <\/div>\n                                    <div class=\"col-xl col-lg mb-30 wow fadeInUp\" data-wow-duration=\"0.9s\" data-wow-delay=\"1s\">\n                            <div class=\"tp-service__item p-relative\">\n                    <div class=\"tp-service__box-shape\">\n                        <span><\/span>\n                    <\/div>\n\n                    <div class=\"tp-service__icon p-relative\">\n\n                                                                                <img decoding=\"async\" src=\"https:\/\/etikmuhendislik.com\/wp-content\/uploads\/2023\/07\/avata-3-4.png\"\n                                alt=\"\">\n                                                    \n                        \n                        <span><\/span>\n                    <\/div>\n\n                                        <div class=\"tp-service__content\">\n                        <h4 class=\"tp-service__title-sm\">\n                                                        Yarat\u0131c\u0131l\u0131k                                                    <\/h4>\n                    <\/div>\n                    \n                    \n                <\/div>\n            <\/div>\n                                    <div class=\"col-xl col-lg mb-30 wow fadeInUp\" data-wow-duration=\"0.9s\" data-wow-delay=\"1s\">\n                            <div class=\"tp-service__item p-relative\">\n                    <div class=\"tp-service__box-shape\">\n                        <span><\/span>\n                    <\/div>\n\n                    <div class=\"tp-service__icon p-relative\">\n\n                                                                                <img decoding=\"async\" src=\"https:\/\/etikmuhendislik.com\/wp-content\/uploads\/2023\/07\/avata-3-4.png\"\n                                alt=\"\">\n                                                    \n                        \n                        <span><\/span>\n                    <\/div>\n\n                                        <div class=\"tp-service__content\">\n                        <h4 class=\"tp-service__title-sm\">\n                                                        A\u00e7\u0131kl\u0131k                                                    <\/h4>\n                    <\/div>\n                    \n                    \n                <\/div>\n            <\/div>\n                                    <div class=\"col-xl col-lg mb-30 wow fadeInUp\" data-wow-duration=\"0.9s\" data-wow-delay=\"1s\">\n                            <div class=\"tp-service__item p-relative\">\n                    <div class=\"tp-service__box-shape\">\n                        <span><\/span>\n                    <\/div>\n\n                    <div class=\"tp-service__icon p-relative\">\n\n                                                                                <img decoding=\"async\" src=\"https:\/\/etikmuhendislik.com\/wp-content\/uploads\/2023\/07\/avata-3-4.png\"\n                                alt=\"\">\n                                                    \n                        \n                        <span><\/span>\n                    <\/div>\n\n                                        <div class=\"tp-service__content\">\n                        <h4 class=\"tp-service__title-sm\">\n                                                        Verimlilik                                                    <\/h4>\n                    <\/div>\n                    \n                    \n                <\/div>\n            <\/div>\n                    <\/div>\n\n        \n    <\/div>\n<\/div>\n\n\t\t\t\t<\/div>\n\t\t\t\t<\/div>\n\t\t\t\t\t<\/div>\n\t\t<\/div>\n\t\t\t\t\t<\/div>\n\t\t<\/section>\n\t\t\t\t<\/div>\n\t\t","protected":false},"excerpt":{"rendered":"<p>B\u0130Z K\u0130M\u0130Z? Al\u0131\u015fagelmi\u015f al\u0131\u015fkanl\u0131klar\u0131n d\u0131\u015f\u0131nda bir hizmet&#8230; Anlay\u0131\u015f\u0131yla 20 y\u0131ld\u0131r hizmet veren bir dan\u0131\u015fmanl\u0131k, e\u011fitim &amp; m\u00fchendislik \u015firketiyiz. ET\u0130K M\u00fchendislik, E\u011fitim &amp; Dan\u0131\u015fmanl\u0131k; 2007 y\u0131l\u0131 ba\u015f\u0131nda End\u00fcstri M\u00fchendisi ve \u0130\u015fletmeci \u015eeyda OTLUO\u011eLU taraf\u0131ndan D\u00fczce&#8217; de Valimiz Sn. Halil N\u0130METO\u011eLU ve \u00e7ok say\u0131da se\u00e7kin davetlinin kat\u0131ld\u0131\u011f\u0131 bir a\u00e7\u0131l\u0131\u015f ile kurulmu\u015ftur. &#8220;Teorik ve pratik bilgi birikiminin payla\u015f\u0131m\u0131&#8221; [&hellip;]<\/p>\n","protected":false},"author":1,"featured_media":0,"parent":0,"menu_order":0,"comment_status":"closed","ping_status":"closed","template":"elementor_header_footer","meta":{"footnotes":""},"class_list":["post-19","page","type-page","status-publish","hentry"],"_links":{"self":[{"href":"https:\/\/etikmuhendislik.com\/index.php\/wp-json\/wp\/v2\/pages\/19","targetHints":{"allow":["GET"]}}],"collection":[{"href":"https:\/\/etikmuhendislik.com\/index.php\/wp-json\/wp\/v2\/pages"}],"about":[{"href":"https:\/\/etikmuhendislik.com\/index.php\/wp-json\/wp\/v2\/types\/page"}],"author":[{"embeddable":true,"href":"https:\/\/etikmuhendislik.com\/index.php\/wp-json\/wp\/v2\/users\/1"}],"replies":[{"embeddable":true,"href":"https:\/\/etikmuhendislik.com\/index.php\/wp-json\/wp\/v2\/comments?post=19"}],"version-history":[{"count":83,"href":"https:\/\/etikmuhendislik.com\/index.php\/wp-json\/wp\/v2\/pages\/19\/revisions"}],"predecessor-version":[{"id":3172,"href":"https:\/\/etikmuhendislik.com\/index.php\/wp-json\/wp\/v2\/pages\/19\/revisions\/3172"}],"wp:attachment":[{"href":"https:\/\/etikmuhendislik.com\/index.php\/wp-json\/wp\/v2\/media?parent=19"}],"curies":[{"name":"wp","href":"https:\/\/api.w.org\/{rel}","templated":true}]}}