{"id":25,"date":"2023-07-04T03:37:09","date_gmt":"2023-07-04T03:37:09","guid":{"rendered":"https:\/\/wphix.com\/wp\/youlink\/?page_id=25"},"modified":"2024-04-27T04:25:59","modified_gmt":"2024-04-27T01:25:59","slug":"basin","status":"publish","type":"page","link":"https:\/\/etikmuhendislik.com\/index.php\/basin\/","title":{"rendered":"Bas\u0131nda Etik"},"content":{"rendered":"\t\t<div data-elementor-type=\"wp-page\" data-elementor-id=\"25\" class=\"elementor elementor-25\">\n\t\t\t\t\t\t<section class=\"elementor-section elementor-top-section elementor-element elementor-element-07f16c6 elementor-section-full_width elementor-section-height-default elementor-section-height-default\" data-id=\"07f16c6\" data-element_type=\"section\">\n\t\t\t\t\t\t<div class=\"elementor-container elementor-column-gap-default\">\n\t\t\t\t\t<div class=\"elementor-column elementor-col-100 elementor-top-column elementor-element elementor-element-08a56ab\" data-id=\"08a56ab\" data-element_type=\"column\">\n\t\t\t<div class=\"elementor-widget-wrap elementor-element-populated\">\n\t\t\t\t\t\t<div class=\"elementor-element elementor-element-fbdcda0 elementor-widget elementor-widget-project\" data-id=\"fbdcda0\" data-element_type=\"widget\" data-widget_type=\"project.default\">\n\t\t\t\t<div class=\"elementor-widget-container\">\n\t\t\t\t\t\n\n\n<div class=\"tp-portfolio-area pt-120 pb-60\">\n    <div class=\"container\">\n        <div class=\"row\">\n                        <div class=\"col-xl-4 col-lg-6 col-md-6 wow tpfadeUp\" data-wow-duration=\"0.9s\" data-wow-delay=\"0.3s\">\n                <div class=\"tp-portfolio-item-wrapper\">\n                                    <div class=\"tp-portfolio-item-thumb\">\n                    <img decoding=\"async\" src=\"https:\/\/etikmuhendislik.com\/wp-content\/uploads\/2024\/04\/duzce-tso-kgk.jpeg\" alt=\"\">\n                    <\/div>\n                                        <div class=\"tp-portfolio-item-content\">\n                                        <span class=\"tp-portfolio-item-subtitle\">toplant\u0131<\/span>\n                                                                <h3 class=\"tp-portfolio-item-title\"><a href=\"https:\/\/www.instagram.com\/p\/CynYKv5s-5b\/?utm_source=ig_web_copy_link&#038;igsh=MzRlODBiNWFlZA==\">D\u00fczce TSO Kad\u0131n Giri\u015fimciler Toplant\u0131s\u0131<\/a><\/h3>\n                                                                <div class=\"tp-portfolio-item-content-btn\">\n                        <a href=\"https:\/\/www.instagram.com\/p\/CynYKv5s-5b\/?utm_source=ig_web_copy_link&#038;igsh=MzRlODBiNWFlZA==\" target=\"\" rel=\"\">Detay\u0131 G\u00f6r <i class=\"fa-regular fa-arrow-right\"><\/i><\/a>\n                        <\/div>\n                    \n                    <\/div>\n                <\/div>\n            <\/div>\n                        <div class=\"col-xl-4 col-lg-6 col-md-6 wow tpfadeUp\" data-wow-duration=\"0.9s\" data-wow-delay=\"0.5s\">\n                <div class=\"tp-portfolio-item-wrapper\">\n                                    <div class=\"tp-portfolio-item-thumb\">\n                    <img decoding=\"async\" src=\"https:\/\/etikmuhendislik.com\/wp-content\/uploads\/2024\/04\/dddd.png\" alt=\"\">\n                    <\/div>\n                                        <div class=\"tp-portfolio-item-content\">\n                                        <span class=\"tp-portfolio-item-subtitle\">Belge Teslimleri<\/span>\n                                                                <h3 class=\"tp-portfolio-item-title\"><a href=\"https:\/\/www.instagram.com\/etik.muhendislik.danismanlik\/\">S\u00fcrd\u00fcr\u00fclebilir Turizm Belge  Teslimi<\/a><\/h3>\n                                                                <div class=\"tp-portfolio-item-content-btn\">\n                        <a href=\"https:\/\/www.instagram.com\/etik.muhendislik.danismanlik\/\" target=\"\" rel=\"\">Detay\u0131 G\u00f6r <i class=\"fa-regular fa-arrow-right\"><\/i><\/a>\n                        <\/div>\n                    \n                    <\/div>\n                <\/div>\n            <\/div>\n                        <div class=\"col-xl-4 col-lg-6 col-md-6 wow tpfadeUp\" data-wow-duration=\"0.9s\" data-wow-delay=\"0.7s\">\n                <div class=\"tp-portfolio-item-wrapper\">\n                                    <div class=\"tp-portfolio-item-thumb\">\n                    <img decoding=\"async\" src=\"https:\/\/etikmuhendislik.com\/wp-content\/uploads\/2024\/04\/kosgeb-izyareti.png\" alt=\"\">\n                    <\/div>\n                                        <div class=\"tp-portfolio-item-content\">\n                                        <span class=\"tp-portfolio-item-subtitle\">kurum ziyareti<\/span>\n                                                                <h3 class=\"tp-portfolio-item-title\"><a href=\"https:\/\/www.instagram.com\/etik.muhendislik.danismanlik\/\">KOSGEB Genel M\u00fcd\u00fcrl\u00fck Ziyareti<\/a><\/h3>\n                                                                <div class=\"tp-portfolio-item-content-btn\">\n                        <a href=\"https:\/\/www.instagram.com\/etik.muhendislik.danismanlik\/\" target=\"\" rel=\"\">Detay\u0131 G\u00f6r <i class=\"fa-regular fa-arrow-right\"><\/i><\/a>\n                        <\/div>\n                    \n                    <\/div>\n                <\/div>\n            <\/div>\n                        <div class=\"col-xl-4 col-lg-6 col-md-6 wow tpfadeUp\" data-wow-duration=\"0.9s\" data-wow-delay=\"0.7s\">\n                <div class=\"tp-portfolio-item-wrapper\">\n                                    <div class=\"tp-portfolio-item-thumb\">\n                    <img decoding=\"async\" src=\"https:\/\/etikmuhendislik.com\/wp-content\/uploads\/2024\/04\/Onur-Belgesi-ETIK.png\" alt=\"\">\n                    <\/div>\n                                        <div class=\"tp-portfolio-item-content\">\n                                        <span class=\"tp-portfolio-item-subtitle\">Onur Belgesi<\/span>\n                                                                <h3 class=\"tp-portfolio-item-title\"><a href=\"https:\/\/www.instagram.com\/etik.muhendislik.danismanlik\/\">TMMOB Meslekte 20. Y\u0131l Onur Belgesi<\/a><\/h3>\n                                                                <div class=\"tp-portfolio-item-content-btn\">\n                        <a href=\"https:\/\/www.instagram.com\/etik.muhendislik.danismanlik\/\" target=\"\" rel=\"\">Detay\u0131 G\u00f6r <i class=\"fa-regular fa-arrow-right\"><\/i><\/a>\n                        <\/div>\n                    \n                    <\/div>\n                <\/div>\n            <\/div>\n                        <div class=\"col-xl-4 col-lg-6 col-md-6 wow tpfadeUp\" data-wow-duration=\"0.9s\" data-wow-delay=\"0.7s\">\n                <div class=\"tp-portfolio-item-wrapper\">\n                                    <div class=\"tp-portfolio-item-thumb\">\n                    <img decoding=\"async\" src=\"https:\/\/etikmuhendislik.com\/wp-content\/uploads\/2024\/04\/KADINLARGUNU.png\" alt=\"\">\n                    <\/div>\n                                        <div class=\"tp-portfolio-item-content\">\n                                        <span class=\"tp-portfolio-item-subtitle\">D\u00fczce \u00dcniversitesi<\/span>\n                                                                <h3 class=\"tp-portfolio-item-title\"><a href=\"https:\/\/www.instagram.com\/etik.muhendislik.danismanlik\/\">D\u00fcnya Kad\u0131nlar g\u00fcn\u00fc Konferans\u0131<\/a><\/h3>\n                                                                <div class=\"tp-portfolio-item-content-btn\">\n                        <a href=\"https:\/\/www.instagram.com\/etik.muhendislik.danismanlik\/\" target=\"\" rel=\"\">Detay\u0131 G\u00f6r <i class=\"fa-regular fa-arrow-right\"><\/i><\/a>\n                        <\/div>\n                    \n                    <\/div>\n                <\/div>\n            <\/div>\n                        <div class=\"col-xl-4 col-lg-6 col-md-6 wow tpfadeUp\" data-wow-duration=\"0.9s\" data-wow-delay=\"0.7s\">\n                <div class=\"tp-portfolio-item-wrapper\">\n                                    <div class=\"tp-portfolio-item-thumb\">\n                    <img decoding=\"async\" src=\"https:\/\/etikmuhendislik.com\/wp-content\/uploads\/2024\/04\/GOYNUKBELEDIYESI.png\" alt=\"\">\n                    <\/div>\n                                        <div class=\"tp-portfolio-item-content\">\n                                        <span class=\"tp-portfolio-item-subtitle\">KOSGEB E\u011fitimleri<\/span>\n                                                                <h3 class=\"tp-portfolio-item-title\"><a href=\"https:\/\/www.instagram.com\/etik.muhendislik.danismanlik\/\">G\u00f6yn\u00fck Belediyesi KOSGEB E\u011fitimleri<\/a><\/h3>\n                                                                <div class=\"tp-portfolio-item-content-btn\">\n                        <a href=\"https:\/\/www.instagram.com\/etik.muhendislik.danismanlik\/\" target=\"\" rel=\"\">Detay\u0131 G\u00f6r <i class=\"fa-regular fa-arrow-right\"><\/i><\/a>\n                        <\/div>\n                    \n                    <\/div>\n                <\/div>\n            <\/div>\n                        <div class=\"col-xl-4 col-lg-6 col-md-6 wow tpfadeUp\" data-wow-duration=\"0.9s\" data-wow-delay=\"0.7s\">\n                <div class=\"tp-portfolio-item-wrapper\">\n                                    <div class=\"tp-portfolio-item-thumb\">\n                    <img decoding=\"async\" src=\"https:\/\/etikmuhendislik.com\/wp-content\/uploads\/2024\/04\/SESOB.png\" alt=\"\">\n                    <\/div>\n                                        <div class=\"tp-portfolio-item-content\">\n                                        <span class=\"tp-portfolio-item-subtitle\">Projeler<\/span>\n                                                                <h3 class=\"tp-portfolio-item-title\"><a href=\"https:\/\/www.instagram.com\/etik.muhendislik.danismanlik\/\">Amerikan Purdue \u00dcniversitesi ile Ortak Proje<\/a><\/h3>\n                                                                <div class=\"tp-portfolio-item-content-btn\">\n                        <a href=\"https:\/\/www.instagram.com\/etik.muhendislik.danismanlik\/\" target=\"\" rel=\"\">Detay\u0131 G\u00f6r <i class=\"fa-regular fa-arrow-right\"><\/i><\/a>\n                        <\/div>\n                    \n                    <\/div>\n                <\/div>\n            <\/div>\n                        <div class=\"col-xl-4 col-lg-6 col-md-6 wow tpfadeUp\" data-wow-duration=\"0.9s\" data-wow-delay=\"0.7s\">\n                <div class=\"tp-portfolio-item-wrapper\">\n                                    <div class=\"tp-portfolio-item-thumb\">\n                    <img decoding=\"async\" src=\"https:\/\/etikmuhendislik.com\/wp-content\/uploads\/2024\/04\/pekintas-egitimleri.png\" alt=\"\">\n                    <\/div>\n                                        <div class=\"tp-portfolio-item-content\">\n                                        <span class=\"tp-portfolio-item-subtitle\">E\u011fitimler<\/span>\n                                                                <h3 class=\"tp-portfolio-item-title\"><a href=\"https:\/\/www.instagram.com\/etik.muhendislik.danismanlik\/\">Pekinta\u015f Pekin A.\u015e. \u0130n\u015faat Swot Analizi E\u011fitimi<\/a><\/h3>\n                                                                <div class=\"tp-portfolio-item-content-btn\">\n                        <a href=\"https:\/\/www.instagram.com\/etik.muhendislik.danismanlik\/\" target=\"\" rel=\"\">Detay\u0131 G\u00f6r <i class=\"fa-regular fa-arrow-right\"><\/i><\/a>\n                        <\/div>\n                    \n                    <\/div>\n                <\/div>\n            <\/div>\n                    <\/div>\n    <\/div>\n<\/div>\n\n\n\n\n\t\t\t\t<\/div>\n\t\t\t\t<\/div>\n\t\t\t\t\t<\/div>\n\t\t<\/div>\n\t\t\t\t\t<\/div>\n\t\t<\/section>\n\t\t\t\t<\/div>\n\t\t","protected":false},"excerpt":{"rendered":"<p>toplant\u0131 D\u00fczce TSO Kad\u0131n Giri\u015fimciler Toplant\u0131s\u0131 Detay\u0131 G\u00f6r Belge Teslimleri S\u00fcrd\u00fcr\u00fclebilir Turizm Belge Teslimi Detay\u0131 G\u00f6r kurum ziyareti KOSGEB Genel M\u00fcd\u00fcrl\u00fck Ziyareti Detay\u0131 G\u00f6r Onur Belgesi TMMOB Meslekte 20. Y\u0131l Onur Belgesi Detay\u0131 G\u00f6r D\u00fczce \u00dcniversitesi D\u00fcnya Kad\u0131nlar g\u00fcn\u00fc Konferans\u0131 Detay\u0131 G\u00f6r KOSGEB E\u011fitimleri G\u00f6yn\u00fck Belediyesi KOSGEB E\u011fitimleri Detay\u0131 G\u00f6r Projeler Amerikan Purdue \u00dcniversitesi ile [&hellip;]<\/p>\n","protected":false},"author":1,"featured_media":0,"parent":0,"menu_order":0,"comment_status":"closed","ping_status":"closed","template":"elementor_header_footer","meta":{"footnotes":""},"class_list":["post-25","page","type-page","status-publish","hentry"],"_links":{"self":[{"href":"https:\/\/etikmuhendislik.com\/index.php\/wp-json\/wp\/v2\/pages\/25","targetHints":{"allow":["GET"]}}],"collection":[{"href":"https:\/\/etikmuhendislik.com\/index.php\/wp-json\/wp\/v2\/pages"}],"about":[{"href":"https:\/\/etikmuhendislik.com\/index.php\/wp-json\/wp\/v2\/types\/page"}],"author":[{"embeddable":true,"href":"https:\/\/etikmuhendislik.com\/index.php\/wp-json\/wp\/v2\/users\/1"}],"replies":[{"embeddable":true,"href":"https:\/\/etikmuhendislik.com\/index.php\/wp-json\/wp\/v2\/comments?post=25"}],"version-history":[{"count":72,"href":"https:\/\/etikmuhendislik.com\/index.php\/wp-json\/wp\/v2\/pages\/25\/revisions"}],"predecessor-version":[{"id":3966,"href":"https:\/\/etikmuhendislik.com\/index.php\/wp-json\/wp\/v2\/pages\/25\/revisions\/3966"}],"wp:attachment":[{"href":"https:\/\/etikmuhendislik.com\/index.php\/wp-json\/wp\/v2\/media?parent=25"}],"curies":[{"name":"wp","href":"https:\/\/api.w.org\/{rel}","templated":true}]}}