{"id":37,"date":"2023-07-04T03:41:08","date_gmt":"2023-07-04T03:41:08","guid":{"rendered":"https:\/\/wphix.com\/wp\/youlink\/?page_id=37"},"modified":"2024-04-19T00:21:06","modified_gmt":"2024-04-18T21:21:06","slug":"iletisim","status":"publish","type":"page","link":"https:\/\/etikmuhendislik.com\/index.php\/iletisim\/","title":{"rendered":"\u0130leti\u015fim"},"content":{"rendered":"\t\t<div data-elementor-type=\"wp-page\" data-elementor-id=\"37\" class=\"elementor elementor-37\">\n\t\t\t\t\t\t<section class=\"elementor-section elementor-top-section elementor-element elementor-element-6d3d912 elementor-section-full_width elementor-section-height-default elementor-section-height-default\" data-id=\"6d3d912\" data-element_type=\"section\">\n\t\t\t\t\t\t<div class=\"elementor-container elementor-column-gap-no\">\n\t\t\t\t\t<div class=\"elementor-column elementor-col-100 elementor-top-column elementor-element elementor-element-7049963\" data-id=\"7049963\" data-element_type=\"column\">\n\t\t\t<div class=\"elementor-widget-wrap elementor-element-populated\">\n\t\t\t\t\t\t<div class=\"elementor-element elementor-element-f3276e9 elementor-widget elementor-widget-google_maps\" data-id=\"f3276e9\" data-element_type=\"widget\" data-widget_type=\"google_maps.default\">\n\t\t\t\t<div class=\"elementor-widget-container\">\n\t\t\t\t\t\t\t<div class=\"elementor-custom-embed\">\n\t\t\t<iframe loading=\"lazy\"\n\t\t\t\t\tsrc=\"https:\/\/maps.google.com\/maps?q=Etik%20M%C3%BChendislik%20E%C4%9Fitim%20%26%20Dan%C4%B1%C5%9Fmanl%C4%B1k%2C%20Cedidiye%2C%20Hac%C4%B1%20Yaver%20Sk.%20No%3A12%2C%2081020%20D%C3%BCzce%20Merkez%2FD%C3%BCzce&#038;t=m&#038;z=10&#038;output=embed&#038;iwloc=near\"\n\t\t\t\t\ttitle=\"Etik M\u00fchendislik E\u011fitim &amp; Dan\u0131\u015fmanl\u0131k, Cedidiye, Hac\u0131 Yaver Sk. No:12, 81020 D\u00fczce Merkez\/D\u00fczce\"\n\t\t\t\t\taria-label=\"Etik M\u00fchendislik E\u011fitim &amp; Dan\u0131\u015fmanl\u0131k, Cedidiye, Hac\u0131 Yaver Sk. No:12, 81020 D\u00fczce Merkez\/D\u00fczce\"\n\t\t\t><\/iframe>\n\t\t<\/div>\n\t\t\t\t\t\t<\/div>\n\t\t\t\t<\/div>\n\t\t\t\t\t<\/div>\n\t\t<\/div>\n\t\t\t\t\t<\/div>\n\t\t<\/section>\n\t\t\t\t<\/div>\n\t\t","protected":false},"excerpt":{"rendered":"","protected":false},"author":1,"featured_media":0,"parent":0,"menu_order":0,"comment_status":"closed","ping_status":"closed","template":"elementor_header_footer","meta":{"footnotes":""},"class_list":["post-37","page","type-page","status-publish","hentry"],"_links":{"self":[{"href":"https:\/\/etikmuhendislik.com\/index.php\/wp-json\/wp\/v2\/pages\/37","targetHints":{"allow":["GET"]}}],"collection":[{"href":"https:\/\/etikmuhendislik.com\/index.php\/wp-json\/wp\/v2\/pages"}],"about":[{"href":"https:\/\/etikmuhendislik.com\/index.php\/wp-json\/wp\/v2\/types\/page"}],"author":[{"embeddable":true,"href":"https:\/\/etikmuhendislik.com\/index.php\/wp-json\/wp\/v2\/users\/1"}],"replies":[{"embeddable":true,"href":"https:\/\/etikmuhendislik.com\/index.php\/wp-json\/wp\/v2\/comments?post=37"}],"version-history":[{"count":32,"href":"https:\/\/etikmuhendislik.com\/index.php\/wp-json\/wp\/v2\/pages\/37\/revisions"}],"predecessor-version":[{"id":2335,"href":"https:\/\/etikmuhendislik.com\/index.php\/wp-json\/wp\/v2\/pages\/37\/revisions\/2335"}],"wp:attachment":[{"href":"https:\/\/etikmuhendislik.com\/index.php\/wp-json\/wp\/v2\/media?parent=37"}],"curies":[{"name":"wp","href":"https:\/\/api.w.org\/{rel}","templated":true}]}}